{"id":62,"date":"2021-06-15T20:57:32","date_gmt":"2021-06-15T18:57:32","guid":{"rendered":"http:\/\/museemaritime.cm\/?page_id=62"},"modified":"2023-09-05T13:05:11","modified_gmt":"2023-09-05T12:05:11","slug":"objet-du-mois","status":"publish","type":"page","link":"https:\/\/museemaritime.cm\/fr_fr\/objet-du-mois\/","title":{"rendered":"Objet du mois"},"content":{"rendered":"\n<figure class=\"wp-block-image size-large\"><img loading=\"lazy\" decoding=\"async\" width=\"1024\" height=\"768\" src=\"https:\/\/museemaritime.cm\/wp-content\/uploads\/2023\/09\/Amarres-1024x768.jpg\" alt=\"\" class=\"wp-image-403\" srcset=\"https:\/\/museemaritime.cm\/wp-content\/uploads\/2023\/09\/Amarres-1024x768.jpg 1024w, https:\/\/museemaritime.cm\/wp-content\/uploads\/2023\/09\/Amarres-300x225.jpg 300w, https:\/\/museemaritime.cm\/wp-content\/uploads\/2023\/09\/Amarres-768x576.jpg 768w, https:\/\/museemaritime.cm\/wp-content\/uploads\/2023\/09\/Amarres-16x12.jpg 16w, https:\/\/museemaritime.cm\/wp-content\/uploads\/2023\/09\/Amarres-80x60.jpg 80w, https:\/\/museemaritime.cm\/wp-content\/uploads\/2023\/09\/Amarres.jpg 1080w\" sizes=\"auto, (max-width: 1024px) 100vw, 1024px\" \/><\/figure>\n\n\n\n<p class=\"has-luminous-vivid-orange-color has-text-color\"><strong>LES AMARRES<\/strong><\/p>\n\n\n\n<p><\/p>\n\n\n\n<p><\/p>\n\n\n\n<p>Les <strong>amarres<\/strong> sont des cha\u00eenes ou cordages servant \u00e0 tenir le navire le long du quai.<\/p>\n\n\n\n<p>C\u2019est aussi une aussi\u00e8re utilis\u00e9e par les bateaux et navires afin de se maintenir en position contre un quai ou un autre bateau , ou de se maintenir li\u00e9 \u00e0 tout \u00e9quipement. Pour les lever ais\u00e9ment, on les range en les ampilant en forme de cercles superpos\u00e9s les uns sur les autres , et pos\u00e9es \u00e0 plat sur le pont du navire ou du bateau. Cela permet \u00e9galement d\u2019\u00e9viter de se m\u00ealer les pieds.<\/p>\n","protected":false},"excerpt":{"rendered":"<p>LES AMARRES Les amarres sont des cha\u00eenes ou cordages servant \u00e0 tenir le navire le long du quai. C\u2019est aussi une aussi\u00e8re utilis\u00e9e par les &hellip; <\/p>\n","protected":false},"author":1,"featured_media":0,"parent":0,"menu_order":0,"comment_status":"closed","ping_status":"closed","template":"","meta":{"_monsterinsights_skip_tracking":false,"_monsterinsights_sitenote_active":false,"_monsterinsights_sitenote_note":"","_monsterinsights_sitenote_category":0,"footnotes":""},"class_list":["post-62","page","type-page","status-publish","hentry"],"_links":{"self":[{"href":"https:\/\/museemaritime.cm\/fr_fr\/wp-json\/wp\/v2\/pages\/62","targetHints":{"allow":["GET"]}}],"collection":[{"href":"https:\/\/museemaritime.cm\/fr_fr\/wp-json\/wp\/v2\/pages"}],"about":[{"href":"https:\/\/museemaritime.cm\/fr_fr\/wp-json\/wp\/v2\/types\/page"}],"author":[{"embeddable":true,"href":"https:\/\/museemaritime.cm\/fr_fr\/wp-json\/wp\/v2\/users\/1"}],"replies":[{"embeddable":true,"href":"https:\/\/museemaritime.cm\/fr_fr\/wp-json\/wp\/v2\/comments?post=62"}],"version-history":[{"count":5,"href":"https:\/\/museemaritime.cm\/fr_fr\/wp-json\/wp\/v2\/pages\/62\/revisions"}],"predecessor-version":[{"id":404,"href":"https:\/\/museemaritime.cm\/fr_fr\/wp-json\/wp\/v2\/pages\/62\/revisions\/404"}],"wp:attachment":[{"href":"https:\/\/museemaritime.cm\/fr_fr\/wp-json\/wp\/v2\/media?parent=62"}],"curies":[{"name":"wp","href":"https:\/\/api.w.org\/{rel}","templated":true}]}}