{"id":59,"date":"2021-06-15T20:56:22","date_gmt":"2021-06-15T18:56:22","guid":{"rendered":"http:\/\/museemaritime.cm\/?page_id=59"},"modified":"2022-09-20T08:35:46","modified_gmt":"2022-09-20T07:35:46","slug":"infos-pratiques","status":"publish","type":"page","link":"https:\/\/museemaritime.cm\/fr_fr\/infos-pratiques\/","title":{"rendered":"Infos pratiques"},"content":{"rendered":"\n<p class=\"has-black-color has-luminous-vivid-amber-background-color has-text-color has-background\" style=\"font-size:25px\"><strong>Localisation et contacts<\/strong><\/p>\n\n\n\n<figure class=\"wp-block-pullquote has-text-align-left has-luminous-vivid-amber-color has-text-color\" style=\"border-radius:0px;font-size:15px;font-style:normal;font-weight:400\"><blockquote><p>Rue de l\u2019h\u00f4pital- Douala, Cameroun<\/p><p>Face Division Informatique des Douanes<\/p><p>T\u00e9l\u00e9phone fixe\u00a0: +237\u00a0233 42 21 66<\/p><\/blockquote><\/figure>\n\n\n\n<p class=\"has-black-color has-pale-cyan-blue-background-color has-text-color has-background\" style=\"font-size:25px\"><strong>Jours et horaires d\u2019ouverture<\/strong><\/p>\n\n\n\n<figure class=\"wp-block-pullquote has-text-align-left has-pale-cyan-blue-color has-text-color\" style=\"border-radius:0px;font-size:15px;font-style:normal;font-weight:400\"><blockquote><p>Du mardi \u00e0 vendredi\u00a0: 9h \u00e0 17h30<\/p><p>Week-end et Jours f\u00e9ri\u00e9s\u00a0: 12h \u00e0 17h30<\/p><\/blockquote><\/figure>\n\n\n\n<p class=\"has-black-color has-vivid-purple-background-color has-text-color has-background\" style=\"font-size:25px\"><strong>Droits d\u2019entr\u00e9e<\/strong><\/p>\n\n\n\n<figure class=\"wp-block-pullquote has-text-align-left has-border-color has-vivid-purple-border-color has-vivid-purple-color has-text-color\" style=\"border-radius:0px;font-size:15px;font-style:normal;font-weight:400\"><blockquote><p>Enfants et \u00e9l\u00e8ves du primaire\u00a0: 1500 Frs CFA<\/p><p>El\u00e8ves du Coll\u00e8ge et Lyc\u00e9e\u00a0: 2000 Frs CFA<\/p><p>Etudiants des Universit\u00e9s et Grandes Ecoles\u00a0: 2500 Frs CFA<\/p><p>Adultes r\u00e9sidents et non-r\u00e9sidents\u00a0: 3500 Frs CFA<\/p><\/blockquote><\/figure>\n\n\n\n<p class=\"has-vivid-purple-color has-light-green-cyan-background-color has-text-color has-background\" style=\"font-size:25px\"><strong>Visites de groupe<\/strong><\/p>\n\n\n\n<figure class=\"wp-block-pullquote has-text-align-left has-light-green-cyan-color has-text-color\" style=\"border-radius:0px;font-size:15px\"><blockquote><p>Des r\u00e9ductions de plus de 15% sont pr\u00e9vues pour les visites de groupe \u00e0 partir de 10 personnes. L\u2019\u00e9quipe du Mus\u00e9e est \u00e0 la disposition des \u00e9coles et des tours op\u00e9rateurs pour organiser au mieux la visite des groupes scolaires et des charters de touristes.<\/p><\/blockquote><\/figure>\n\n\n\n<p class=\"has-black-color has-vivid-red-background-color has-text-color has-background\" style=\"font-size:25px\"><strong>Prise d\u2019images<\/strong><\/p>\n\n\n\n<figure class=\"wp-block-pullquote has-text-align-left has-vivid-red-color has-text-color\" style=\"border-radius:0px;font-size:15px;font-style:normal;font-weight:400\"><blockquote><p>T\u00e9l\u00e9phone portable\u00a0: 1000 Frs CFA<\/p><p>Appareil photo professionnel\u00a0: 3000 FCFA<\/p><\/blockquote><\/figure>\n\n\n\n<p class=\"has-white-color has-vivid-purple-background-color has-text-color has-background\" style=\"font-size:25px\"><strong>Contacts<\/strong><\/p>\n\n\n\n<figure class=\"wp-block-pullquote has-text-align-left has-white-color has-vivid-purple-background-color has-text-color has-background\" style=\"border-radius:0px;border-style:dotted;font-size:15px\"><blockquote><p>Mus\u00e9e Maritime de Douala<\/p><p>Rue de l\u2019H\u00f4pital \u2013 Douala, Cameroun<\/p><p>T\u00e9l\u00e9phone fixe : (+237) 233 42 21 66 <\/p><p>Mobile\u00a0: +237\u00a0674\u00a0397\u00a0244 \/ 677 639\u00a0698 \/ 695\u00a0986\u00a0097<\/p><\/blockquote><\/figure>\n","protected":false},"excerpt":{"rendered":"<p>Localisation et contacts Rue de l\u2019h\u00f4pital- Douala, Cameroun Face Division Informatique des Douanes T\u00e9l\u00e9phone fixe\u00a0: +237\u00a0233 42 21 66 Jours et horaires d\u2019ouverture Du mardi &hellip; <\/p>\n","protected":false},"author":1,"featured_media":0,"parent":0,"menu_order":0,"comment_status":"closed","ping_status":"closed","template":"","meta":{"_monsterinsights_skip_tracking":false,"_monsterinsights_sitenote_active":false,"_monsterinsights_sitenote_note":"","_monsterinsights_sitenote_category":0,"footnotes":""},"class_list":["post-59","page","type-page","status-publish","hentry"],"_links":{"self":[{"href":"https:\/\/museemaritime.cm\/fr_fr\/wp-json\/wp\/v2\/pages\/59","targetHints":{"allow":["GET"]}}],"collection":[{"href":"https:\/\/museemaritime.cm\/fr_fr\/wp-json\/wp\/v2\/pages"}],"about":[{"href":"https:\/\/museemaritime.cm\/fr_fr\/wp-json\/wp\/v2\/types\/page"}],"author":[{"embeddable":true,"href":"https:\/\/museemaritime.cm\/fr_fr\/wp-json\/wp\/v2\/users\/1"}],"replies":[{"embeddable":true,"href":"https:\/\/museemaritime.cm\/fr_fr\/wp-json\/wp\/v2\/comments?post=59"}],"version-history":[{"count":7,"href":"https:\/\/museemaritime.cm\/fr_fr\/wp-json\/wp\/v2\/pages\/59\/revisions"}],"predecessor-version":[{"id":197,"href":"https:\/\/museemaritime.cm\/fr_fr\/wp-json\/wp\/v2\/pages\/59\/revisions\/197"}],"wp:attachment":[{"href":"https:\/\/museemaritime.cm\/fr_fr\/wp-json\/wp\/v2\/media?parent=59"}],"curies":[{"name":"wp","href":"https:\/\/api.w.org\/{rel}","templated":true}]}}