{"id":57,"date":"2021-06-15T20:55:44","date_gmt":"2021-06-15T18:55:44","guid":{"rendered":"http:\/\/museemaritime.cm\/?page_id=57"},"modified":"2022-09-21T16:30:00","modified_gmt":"2022-09-21T15:30:00","slug":"offres","status":"publish","type":"page","link":"https:\/\/museemaritime.cm\/fr_fr\/offres\/","title":{"rendered":"Les offres"},"content":{"rendered":"\n<figure class=\"wp-block-image size-large\"><img loading=\"lazy\" decoding=\"async\" width=\"1024\" height=\"683\" src=\"https:\/\/museemaritime.cm\/wp-content\/uploads\/2022\/09\/IMG_1328-1024x683.jpg\" alt=\"\" class=\"wp-image-218\" srcset=\"https:\/\/museemaritime.cm\/wp-content\/uploads\/2022\/09\/IMG_1328-1024x683.jpg 1024w, https:\/\/museemaritime.cm\/wp-content\/uploads\/2022\/09\/IMG_1328-300x200.jpg 300w, https:\/\/museemaritime.cm\/wp-content\/uploads\/2022\/09\/IMG_1328-768x512.jpg 768w, https:\/\/museemaritime.cm\/wp-content\/uploads\/2022\/09\/IMG_1328-1536x1024.jpg 1536w, https:\/\/museemaritime.cm\/wp-content\/uploads\/2022\/09\/IMG_1328-2048x1365.jpg 2048w, https:\/\/museemaritime.cm\/wp-content\/uploads\/2022\/09\/IMG_1328-18x12.jpg 18w, https:\/\/museemaritime.cm\/wp-content\/uploads\/2022\/09\/IMG_1328-90x60.jpg 90w, https:\/\/museemaritime.cm\/wp-content\/uploads\/2022\/09\/IMG_1328-420x280.jpg 420w\" sizes=\"auto, (max-width: 1024px) 100vw, 1024px\" \/><figcaption>Le simulateur de navigation<\/figcaption><\/figure>\n\n\n\n<p class=\"has-vivid-purple-color has-text-color\" style=\"font-size:25px\"><strong>LES ANIMATIONS<\/strong><\/p>\n\n\n\n<p class=\"has-luminous-vivid-orange-color has-text-color has-medium-font-size\"><strong>VISITES GUIDEES ET COMMENTEES DES EXPOSITIONS<\/strong><\/p>\n\n\n\n<figure class=\"wp-block-image size-large\"><img loading=\"lazy\" decoding=\"async\" width=\"1024\" height=\"682\" src=\"https:\/\/museemaritime.cm\/wp-content\/uploads\/2022\/09\/IMG_8895w-1024x682.jpg\" alt=\"\" class=\"wp-image-222\" srcset=\"https:\/\/museemaritime.cm\/wp-content\/uploads\/2022\/09\/IMG_8895w-1024x682.jpg 1024w, https:\/\/museemaritime.cm\/wp-content\/uploads\/2022\/09\/IMG_8895w-300x200.jpg 300w, https:\/\/museemaritime.cm\/wp-content\/uploads\/2022\/09\/IMG_8895w-768x512.jpg 768w, https:\/\/museemaritime.cm\/wp-content\/uploads\/2022\/09\/IMG_8895w-1536x1024.jpg 1536w, https:\/\/museemaritime.cm\/wp-content\/uploads\/2022\/09\/IMG_8895w-18x12.jpg 18w, https:\/\/museemaritime.cm\/wp-content\/uploads\/2022\/09\/IMG_8895w-90x60.jpg 90w, https:\/\/museemaritime.cm\/wp-content\/uploads\/2022\/09\/IMG_8895w-420x280.jpg 420w, https:\/\/museemaritime.cm\/wp-content\/uploads\/2022\/09\/IMG_8895w.jpg 2000w\" sizes=\"auto, (max-width: 1024px) 100vw, 1024px\" \/><\/figure>\n\n\n\n<p style=\"font-size:15px\">Nos guides passionn\u00e9s et dynamiques vous prom\u00e8nent dans une ambiance d\u00e9tendue, ludique et p\u00e9dagogique, \u00e0 travers nos expositions permanentes et temporaires.<\/p>\n\n\n\n<p style=\"font-size:15px\">Des th\u00e8mes vari\u00e9s y sont abord\u00e9s \u00e0 l\u2019entame, allant de la culture s\u00e9culaire des peuples de l\u2019eau \u00e0 l\u2019\u00e9mergence et l\u2019\u00e9volution des principales villes portuaires, qui naissent des \u00e9changes commerciaux anciens avec de lointaines puissances navales s\u2019op\u00e9rant sur la fa\u00e7ade maritime et dans les estuaires.<\/p>\n\n\n\n<p style=\"font-size:15px\">La d\u00e9couverte se poursuit par celle des maquettes de bateaux et de compartiments de navires simul\u00e9s, des m\u00e9tiers \u00e0 bord et la s\u00e9curit\u00e9 en mer.<\/p>\n\n\n\n<p class=\"has-luminous-vivid-orange-color has-text-color has-medium-font-size\"><strong>ATELIERS PEDAGOGIQUES CULTURELS, SCIENTIFIQUES ET ARTISTIQUES<\/strong><\/p>\n\n\n\n<figure class=\"wp-block-image size-large\"><img loading=\"lazy\" decoding=\"async\" width=\"1024\" height=\"682\" src=\"https:\/\/museemaritime.cm\/wp-content\/uploads\/2022\/09\/IMG_8889w-1024x682.jpg\" alt=\"\" class=\"wp-image-223\" srcset=\"https:\/\/museemaritime.cm\/wp-content\/uploads\/2022\/09\/IMG_8889w-1024x682.jpg 1024w, https:\/\/museemaritime.cm\/wp-content\/uploads\/2022\/09\/IMG_8889w-300x200.jpg 300w, https:\/\/museemaritime.cm\/wp-content\/uploads\/2022\/09\/IMG_8889w-768x512.jpg 768w, https:\/\/museemaritime.cm\/wp-content\/uploads\/2022\/09\/IMG_8889w-1536x1024.jpg 1536w, https:\/\/museemaritime.cm\/wp-content\/uploads\/2022\/09\/IMG_8889w-18x12.jpg 18w, https:\/\/museemaritime.cm\/wp-content\/uploads\/2022\/09\/IMG_8889w-90x60.jpg 90w, https:\/\/museemaritime.cm\/wp-content\/uploads\/2022\/09\/IMG_8889w-420x280.jpg 420w, https:\/\/museemaritime.cm\/wp-content\/uploads\/2022\/09\/IMG_8889w.jpg 2000w\" sizes=\"auto, (max-width: 1024px) 100vw, 1024px\" \/><\/figure>\n\n\n\n<p style=\"font-size:15px\">En qu\u00eate d\u2019approfondissement de certaines le\u00e7ons vues en classe ou \u00e0 la recherche de connaissances in\u00e9dites, l\u2019\u00e9cole trouve au Mus\u00e9e Maritime de Douala des outils et des ateliers p\u00e9dagogiques compl\u00e9mentaires \u00e0 l\u2019apprentissage des \u00e9l\u00e8ves. Des programmes p\u00e9dagogiques sont d\u00e9velopp\u00e9s en direction des jeunes en p\u00e9riode scolaire comme lors des vacances.<\/p>\n\n\n\n<p style=\"font-size:15px\"><strong><em>\u00ab\u00a0SPECIALES VACANCES Juillet- Ao\u00fbt\u00a0\u00bb<\/em><\/strong>, <em><strong>\u00ab\u00a0NOEL AU MUSEE D\u00e9cembre\u00a0\u00bb<\/strong><\/em>,<strong><em> \u00ab\u00a0SEMAINE DE LA JEUNESSE AU MUSEE F\u00e9vrier\u00a0\u00bb<\/em><\/strong> sont devenus au fil des ann\u00e9es des programmes cibl\u00e9s cultes qui drainent au mus\u00e9e des centaines voire des milliers de jeunes.<\/p>\n\n\n<div class=\"wp-block-image\">\n<figure class=\"alignleft size-large is-resized\"><img loading=\"lazy\" decoding=\"async\" src=\"https:\/\/museemaritime.cm\/wp-content\/uploads\/2022\/09\/IMG_1284w-1024x682.jpg\" alt=\"\" class=\"wp-image-226\" width=\"256\" height=\"171\" srcset=\"https:\/\/museemaritime.cm\/wp-content\/uploads\/2022\/09\/IMG_1284w-1024x682.jpg 1024w, https:\/\/museemaritime.cm\/wp-content\/uploads\/2022\/09\/IMG_1284w-300x200.jpg 300w, https:\/\/museemaritime.cm\/wp-content\/uploads\/2022\/09\/IMG_1284w-768x512.jpg 768w, https:\/\/museemaritime.cm\/wp-content\/uploads\/2022\/09\/IMG_1284w-1536x1024.jpg 1536w, https:\/\/museemaritime.cm\/wp-content\/uploads\/2022\/09\/IMG_1284w-18x12.jpg 18w, https:\/\/museemaritime.cm\/wp-content\/uploads\/2022\/09\/IMG_1284w-90x60.jpg 90w, https:\/\/museemaritime.cm\/wp-content\/uploads\/2022\/09\/IMG_1284w-800x530.jpg 800w, https:\/\/museemaritime.cm\/wp-content\/uploads\/2022\/09\/IMG_1284w-420x280.jpg 420w, https:\/\/museemaritime.cm\/wp-content\/uploads\/2022\/09\/IMG_1284w.jpg 2000w\" sizes=\"auto, (max-width: 256px) 100vw, 256px\" \/><\/figure>\n<\/div>\n\n\n<div class=\"wp-block-group\"><div class=\"wp-block-group__inner-container is-layout-flow wp-block-group-is-layout-flow\">\n<ul class=\"wp-block-list\" style=\"font-size:15px\"><li><em><strong>\u00ab&nbsp;SPECIALES VACANCES&nbsp;\u00bb<\/strong> <\/em>s\u2019adresse aux jeunes vacanciers en qu\u00eate de divertissement pendant les grandes vacances (juillet-ao\u00fbt). Parents et vacanciers participants trouvent satisfaction \u00e0 chaque \u00e9dition gr\u00e2ce \u00e0 une offre riche d\u2019animations (dessin, peinture, sculpture, danses, percussions, conte th\u00e9\u00e2tre, \u00e9ducation \u00e0 l\u2019environnement) propos\u00e9es par des professionnels passionn\u00e9s.<\/li><\/ul>\n\n\n\n<p><\/p>\n\n\n\n<p><\/p>\n\n\n<div class=\"wp-block-image\">\n<figure class=\"alignleft size-large is-resized\"><img loading=\"lazy\" decoding=\"async\" src=\"https:\/\/museemaritime.cm\/wp-content\/uploads\/2022\/09\/IMG_1464w-1024x682.jpg\" alt=\"\" class=\"wp-image-227\" width=\"256\" height=\"171\" srcset=\"https:\/\/museemaritime.cm\/wp-content\/uploads\/2022\/09\/IMG_1464w-1024x682.jpg 1024w, https:\/\/museemaritime.cm\/wp-content\/uploads\/2022\/09\/IMG_1464w-300x200.jpg 300w, https:\/\/museemaritime.cm\/wp-content\/uploads\/2022\/09\/IMG_1464w-768x512.jpg 768w, https:\/\/museemaritime.cm\/wp-content\/uploads\/2022\/09\/IMG_1464w-1536x1024.jpg 1536w, https:\/\/museemaritime.cm\/wp-content\/uploads\/2022\/09\/IMG_1464w-18x12.jpg 18w, https:\/\/museemaritime.cm\/wp-content\/uploads\/2022\/09\/IMG_1464w-90x60.jpg 90w, https:\/\/museemaritime.cm\/wp-content\/uploads\/2022\/09\/IMG_1464w-800x530.jpg 800w, https:\/\/museemaritime.cm\/wp-content\/uploads\/2022\/09\/IMG_1464w-420x280.jpg 420w, https:\/\/museemaritime.cm\/wp-content\/uploads\/2022\/09\/IMG_1464w.jpg 2000w\" sizes=\"auto, (max-width: 256px) 100vw, 256px\" \/><\/figure>\n<\/div>\n\n\n<ul class=\"wp-block-list\" style=\"font-size:15px\"><li><strong><em>\u00ab&nbsp;NOEL AU MUSEE&nbsp;\u00bb<\/em>,<\/strong> permet au top management du CNCC de communier avec les jeunes et leurs parents lors des r\u00e9veillons de Noel (24 D\u00e9cembre) et de Nouvel An (31 D\u00e9cembre). Des Spectacles, animations et divertissements sont au programme de chaque \u00e9dition toujours plus originale que les travaux.<\/li><\/ul>\n\n\n\n<p><\/p>\n\n\n\n<p><\/p>\n\n\n\n<p><\/p>\n\n\n<div class=\"wp-block-image\">\n<figure class=\"alignleft size-large is-resized\"><img loading=\"lazy\" decoding=\"async\" src=\"https:\/\/museemaritime.cm\/wp-content\/uploads\/2022\/09\/IMG_1336w-1024x682.jpg\" alt=\"\" class=\"wp-image-228\" width=\"256\" height=\"171\" srcset=\"https:\/\/museemaritime.cm\/wp-content\/uploads\/2022\/09\/IMG_1336w-1024x682.jpg 1024w, https:\/\/museemaritime.cm\/wp-content\/uploads\/2022\/09\/IMG_1336w-300x200.jpg 300w, https:\/\/museemaritime.cm\/wp-content\/uploads\/2022\/09\/IMG_1336w-768x512.jpg 768w, https:\/\/museemaritime.cm\/wp-content\/uploads\/2022\/09\/IMG_1336w-1536x1024.jpg 1536w, https:\/\/museemaritime.cm\/wp-content\/uploads\/2022\/09\/IMG_1336w-18x12.jpg 18w, https:\/\/museemaritime.cm\/wp-content\/uploads\/2022\/09\/IMG_1336w-90x60.jpg 90w, https:\/\/museemaritime.cm\/wp-content\/uploads\/2022\/09\/IMG_1336w-800x530.jpg 800w, https:\/\/museemaritime.cm\/wp-content\/uploads\/2022\/09\/IMG_1336w-420x280.jpg 420w, https:\/\/museemaritime.cm\/wp-content\/uploads\/2022\/09\/IMG_1336w.jpg 2000w\" sizes=\"auto, (max-width: 256px) 100vw, 256px\" \/><\/figure>\n<\/div>\n\n\n<ul class=\"wp-block-list\" style=\"font-size:15px\"><li><strong><em>\u00ab&nbsp;SEMAINE DE LA JEUNESSE AU MUSEE&nbsp;\u00bb<\/em><\/strong> quant \u00e0 lui permet chaque ann\u00e9e (janvier \u00e0 avril) \u00e0 des milliers d\u2019\u00e9coliers de sortir des quatre murs de la classe pour s\u2019immerger dans un espace d\u2019\u00e9ducation informelle en compagnie de leurs enseignants qui y d\u00e9couvrent des outils compl\u00e9mentaires \u00e0 l\u2019enseignement des le\u00e7ons au programme.<\/li><\/ul>\n<\/div><\/div>\n\n\n\n<p><\/p>\n\n\n\n<p><\/p>\n\n\n\n<p class=\"has-vivid-purple-color has-text-color\" style=\"font-size:25px\"><strong>EXPOSITIONS TEMPORAIRES<\/strong><\/p>\n\n\n\n<p style=\"font-size:15px\">Nos expositions temporaires mont\u00e9es en collaboration avec les milieux universitaires et de la recherche apportent aux visiteurs des informations in\u00e9dites et pointues sur des th\u00e8mes sp\u00e9cifiques tir\u00e9es de l\u2019histoire maritime ou de la culture des peuples de l\u2019eau<\/p>\n\n\n\n<p class=\"has-vivid-purple-color has-text-color\" style=\"font-size:25px\"><strong>CONFERENCES THEMATIQUES<\/strong><\/p>\n\n\n\n<figure class=\"wp-block-image size-large\"><img loading=\"lazy\" decoding=\"async\" width=\"1024\" height=\"682\" src=\"https:\/\/museemaritime.cm\/wp-content\/uploads\/2022\/09\/IMG_0084w-1024x682.jpg\" alt=\"\" class=\"wp-image-221\" srcset=\"https:\/\/museemaritime.cm\/wp-content\/uploads\/2022\/09\/IMG_0084w-1024x682.jpg 1024w, https:\/\/museemaritime.cm\/wp-content\/uploads\/2022\/09\/IMG_0084w-300x200.jpg 300w, https:\/\/museemaritime.cm\/wp-content\/uploads\/2022\/09\/IMG_0084w-768x512.jpg 768w, https:\/\/museemaritime.cm\/wp-content\/uploads\/2022\/09\/IMG_0084w-1536x1024.jpg 1536w, https:\/\/museemaritime.cm\/wp-content\/uploads\/2022\/09\/IMG_0084w-18x12.jpg 18w, https:\/\/museemaritime.cm\/wp-content\/uploads\/2022\/09\/IMG_0084w-90x60.jpg 90w, https:\/\/museemaritime.cm\/wp-content\/uploads\/2022\/09\/IMG_0084w-420x280.jpg 420w, https:\/\/museemaritime.cm\/wp-content\/uploads\/2022\/09\/IMG_0084w.jpg 2000w\" sizes=\"auto, (max-width: 1024px) 100vw, 1024px\" \/><\/figure>\n\n\n\n<p style=\"font-size:15px\">Les conf\u00e9rences th\u00e9matiques du mus\u00e9e constituent d\u2019intenses moments d\u2019expos\u00e9s et d\u2019\u00e9changes entre les publics et des experts universitaires, hommes de culture ou chercheurs, autour de th\u00e8mes tir\u00e9s de la comm\u00e9moration de diverses dates calendaires.<\/p>\n\n\n\n<p class=\"has-luminous-vivid-orange-color has-text-color\"><strong> La Salle Polyvalente<\/strong><\/p>\n\n\n<div class=\"wp-block-image\">\n<figure class=\"alignright size-large is-resized\"><img loading=\"lazy\" decoding=\"async\" src=\"https:\/\/museemaritime.cm\/wp-content\/uploads\/2022\/09\/IMG_8884w-1024x765.jpg\" alt=\"\" class=\"wp-image-219\" width=\"256\" height=\"191\" srcset=\"https:\/\/museemaritime.cm\/wp-content\/uploads\/2022\/09\/IMG_8884w-1024x765.jpg 1024w, https:\/\/museemaritime.cm\/wp-content\/uploads\/2022\/09\/IMG_8884w-300x224.jpg 300w, https:\/\/museemaritime.cm\/wp-content\/uploads\/2022\/09\/IMG_8884w-768x574.jpg 768w, https:\/\/museemaritime.cm\/wp-content\/uploads\/2022\/09\/IMG_8884w-1536x1147.jpg 1536w, https:\/\/museemaritime.cm\/wp-content\/uploads\/2022\/09\/IMG_8884w-16x12.jpg 16w, https:\/\/museemaritime.cm\/wp-content\/uploads\/2022\/09\/IMG_8884w-80x60.jpg 80w, https:\/\/museemaritime.cm\/wp-content\/uploads\/2022\/09\/IMG_8884w.jpg 2000w\" sizes=\"auto, (max-width: 256px) 100vw, 256px\" \/><\/figure>\n<\/div>\n\n\n<p style=\"font-size:15px\">Le Mus\u00e9e Maritime de Douala loue ses espaces, notamment une Salle polyvalente climatis\u00e9e et insonoris\u00e9e de plus de 80 m2 situ\u00e9e au 3eme \u00e9tage, capable de contenir une centaine de personnes et \u00e9quip\u00e9e de syst\u00e8mes audiovisuels. Cette salle peut accueillir des manifestations de petite ou de moyenne envergure, des r\u00e9unions ou d\u00e9jeuners d\u2019entreprise, des s\u00e9minaires. Ces r\u00e9unions et autres manifestations peuvent \u00eatre suivies de visites comment\u00e9es des expositions.<\/p>\n\n\n<div class=\"wp-block-image\">\n<figure class=\"alignleft size-full is-resized\"><img loading=\"lazy\" decoding=\"async\" src=\"http:\/\/museemaritime.cm\/wp-content\/uploads\/2021\/05\/sea.jpg\" alt=\"\" class=\"wp-image-32\" width=\"250\" height=\"188\" srcset=\"https:\/\/museemaritime.cm\/wp-content\/uploads\/2021\/05\/sea.jpg 1000w, https:\/\/museemaritime.cm\/wp-content\/uploads\/2021\/05\/sea-300x225.jpg 300w, https:\/\/museemaritime.cm\/wp-content\/uploads\/2021\/05\/sea-768x576.jpg 768w, https:\/\/museemaritime.cm\/wp-content\/uploads\/2021\/05\/sea-16x12.jpg 16w, https:\/\/museemaritime.cm\/wp-content\/uploads\/2021\/05\/sea-80x60.jpg 80w\" sizes=\"auto, (max-width: 250px) 100vw, 250px\" \/><\/figure>\n<\/div>\n\n\n<p class=\"has-luminous-vivid-orange-color has-text-color\"><strong>Le Simulateur de navigation<\/strong><\/p>\n\n\n\n<p style=\"font-size:15px\">Le mus\u00e9e met \u00e0 la disposition des professionnels ou des apprenants dans le domaine de la navigation pour leur formation, un simulateur de navigation en mer. Cet appareil permet de reconstituer l\u2019environnement d\u2019une s\u00e9ance de navigation avec la possibilit\u00e9 de faire varier les conditions atmosph\u00e9riques, de cr\u00e9er des s\u00e9ances de navigation diurne ou nocturne. Cet \u00e9quipement permet \u00e9galement aux visiteurs d\u2019avoir une id\u00e9e sur les techniques de la navigation.<\/p>\n\n\n\n<p class=\"has-luminous-vivid-orange-color has-text-color\"><strong>La Case des Temp\u00eates<\/strong><\/p>\n\n\n\n<p style=\"font-size:15px\">L\u2019exposition permanente est compl\u00e9t\u00e9e par l\u2019exp\u00e9rimentation d\u2019une navigation en mer effectu\u00e9e dans une Salle baptis\u00e9e <em>CASE DES TEMP\u00caTES.<\/em> Cette salle myst\u00e9rieuse est \u00e9quip\u00e9e de pirogues mont\u00e9es sur une plateforme mobile dont les mouvements donnent aux passagers \u00e0 bords des sensations de la navigation. Les mouvements des pirogues sont synchronis\u00e9s avec un syst\u00e8me de projection 3D, de sonorisation, de lumi\u00e8re qui s\u2019activent lorsqu\u2019un film est projet\u00e9e \u00e0 partir de l\u2019unit\u00e9 de commande.<\/p>\n\n\n\n<p style=\"font-size:15px\">Au bout ou cours d\u2019un voyage d\u2019une immersion en lunettes 3D, frissons et sensations fortes sont garanties \u00e0 tous les visiteurs.<\/p>\n\n\n\n<p class=\"has-luminous-vivid-orange-color has-text-color\"><strong>La Boutique<\/strong><\/p>\n\n\n<div class=\"wp-block-image\">\n<figure class=\"alignleft size-large is-resized\"><img loading=\"lazy\" decoding=\"async\" src=\"https:\/\/museemaritime.cm\/wp-content\/uploads\/2022\/09\/IMG_8902w-1024x682.jpg\" alt=\"\" class=\"wp-image-220\" width=\"256\" height=\"171\" srcset=\"https:\/\/museemaritime.cm\/wp-content\/uploads\/2022\/09\/IMG_8902w-1024x682.jpg 1024w, https:\/\/museemaritime.cm\/wp-content\/uploads\/2022\/09\/IMG_8902w-300x200.jpg 300w, https:\/\/museemaritime.cm\/wp-content\/uploads\/2022\/09\/IMG_8902w-768x512.jpg 768w, https:\/\/museemaritime.cm\/wp-content\/uploads\/2022\/09\/IMG_8902w-1536x1024.jpg 1536w, https:\/\/museemaritime.cm\/wp-content\/uploads\/2022\/09\/IMG_8902w-18x12.jpg 18w, https:\/\/museemaritime.cm\/wp-content\/uploads\/2022\/09\/IMG_8902w-90x60.jpg 90w, https:\/\/museemaritime.cm\/wp-content\/uploads\/2022\/09\/IMG_8902w-800x530.jpg 800w, https:\/\/museemaritime.cm\/wp-content\/uploads\/2022\/09\/IMG_8902w-420x280.jpg 420w, https:\/\/museemaritime.cm\/wp-content\/uploads\/2022\/09\/IMG_8902w.jpg 2000w\" sizes=\"auto, (max-width: 256px) 100vw, 256px\" \/><\/figure>\n<\/div>\n\n\n<p style=\"font-size:15px\">Le Mus\u00e9e Maritime de Douala comprend \u00e9galement une boutique destin\u00e9e \u00e0 la vente des objets souvenirs en rapport avec le monde maritime et portuaire. Un grand choix d\u2019ouvrages sp\u00e9cialis\u00e9s et de produits culturels et artistiques sont \u00e0 la disposition des visiteurs. En plus des objets souvenirs, des livres dans le m\u00eame domaine sont \u00e9galement disponibles.<\/p>\n","protected":false},"excerpt":{"rendered":"<p>LES ANIMATIONS VISITES GUIDEES ET COMMENTEES DES EXPOSITIONS Nos guides passionn\u00e9s et dynamiques vous prom\u00e8nent dans une ambiance d\u00e9tendue, ludique et p\u00e9dagogique, \u00e0 travers nos &hellip; <\/p>\n","protected":false},"author":1,"featured_media":0,"parent":0,"menu_order":0,"comment_status":"closed","ping_status":"closed","template":"","meta":{"_monsterinsights_skip_tracking":false,"_monsterinsights_sitenote_active":false,"_monsterinsights_sitenote_note":"","_monsterinsights_sitenote_category":0,"footnotes":""},"class_list":["post-57","page","type-page","status-publish","hentry"],"_links":{"self":[{"href":"https:\/\/museemaritime.cm\/fr_fr\/wp-json\/wp\/v2\/pages\/57","targetHints":{"allow":["GET"]}}],"collection":[{"href":"https:\/\/museemaritime.cm\/fr_fr\/wp-json\/wp\/v2\/pages"}],"about":[{"href":"https:\/\/museemaritime.cm\/fr_fr\/wp-json\/wp\/v2\/types\/page"}],"author":[{"embeddable":true,"href":"https:\/\/museemaritime.cm\/fr_fr\/wp-json\/wp\/v2\/users\/1"}],"replies":[{"embeddable":true,"href":"https:\/\/museemaritime.cm\/fr_fr\/wp-json\/wp\/v2\/comments?post=57"}],"version-history":[{"count":12,"href":"https:\/\/museemaritime.cm\/fr_fr\/wp-json\/wp\/v2\/pages\/57\/revisions"}],"predecessor-version":[{"id":247,"href":"https:\/\/museemaritime.cm\/fr_fr\/wp-json\/wp\/v2\/pages\/57\/revisions\/247"}],"wp:attachment":[{"href":"https:\/\/museemaritime.cm\/fr_fr\/wp-json\/wp\/v2\/media?parent=57"}],"curies":[{"name":"wp","href":"https:\/\/api.w.org\/{rel}","templated":true}]}}