{"id":55,"date":"2021-06-15T20:55:11","date_gmt":"2021-06-15T18:55:11","guid":{"rendered":"http:\/\/museemaritime.cm\/?page_id=55"},"modified":"2022-09-20T16:27:21","modified_gmt":"2022-09-20T15:27:21","slug":"collections","status":"publish","type":"page","link":"https:\/\/museemaritime.cm\/fr_fr\/collections\/","title":{"rendered":"Nos collections"},"content":{"rendered":"\n<figure class=\"wp-block-image size-large\"><img loading=\"lazy\" decoding=\"async\" width=\"1024\" height=\"682\" src=\"https:\/\/museemaritime.cm\/wp-content\/uploads\/2022\/09\/JX7B8887w-1024x682.jpg\" alt=\"\" class=\"wp-image-211\" srcset=\"https:\/\/museemaritime.cm\/wp-content\/uploads\/2022\/09\/JX7B8887w-1024x682.jpg 1024w, https:\/\/museemaritime.cm\/wp-content\/uploads\/2022\/09\/JX7B8887w-300x200.jpg 300w, https:\/\/museemaritime.cm\/wp-content\/uploads\/2022\/09\/JX7B8887w-768x512.jpg 768w, https:\/\/museemaritime.cm\/wp-content\/uploads\/2022\/09\/JX7B8887w-1536x1024.jpg 1536w, https:\/\/museemaritime.cm\/wp-content\/uploads\/2022\/09\/JX7B8887w-18x12.jpg 18w, https:\/\/museemaritime.cm\/wp-content\/uploads\/2022\/09\/JX7B8887w-90x60.jpg 90w, https:\/\/museemaritime.cm\/wp-content\/uploads\/2022\/09\/JX7B8887w-420x280.jpg 420w, https:\/\/museemaritime.cm\/wp-content\/uploads\/2022\/09\/JX7B8887w.jpg 2000w\" sizes=\"auto, (max-width: 1024px) 100vw, 1024px\" \/><\/figure>\n\n\n\n<p class=\"has-luminous-vivid-orange-color has-text-color has-medium-font-size\"><strong>A LA DECOUVERTE DES EXPOSITIONS<\/strong><\/p>\n\n\n\n<p class=\"has-vivid-purple-color has-text-color\" style=\"font-size:17px\"><strong>Sc\u00e9nographie<\/strong><\/p>\n\n\n\n<p style=\"font-size:15px\">Dans un souci de r\u00e9ussite sc\u00e9nographique, les expositions concilient \u00e0 la fois rigueur scientifique et p\u00e9dagogique afin de permettre \u00e0 chaque visiteur d\u2019avoir des \u00e9l\u00e9ments suffisants pour la compr\u00e9hension de l\u2019univers maritime camerounais. La sc\u00e9nographie de l\u2019exposition au Mus\u00e9e Maritime de Douala d\u00e9voile aux visiteurs toute la richesse ancestrale et moderne de la culture maritime du Cameroun \u00e0 travers l\u2019homme dans son milieu naturel. Elle fait \u00e9galement d\u00e9couvrir l\u2019histoire des \u00e9changes commerciaux et leur \u00e9volution dans les ports camerounais.<\/p>\n\n\n<div class=\"wp-block-image is-style-default\">\n<figure class=\"alignleft size-large is-resized\"><img loading=\"lazy\" decoding=\"async\" src=\"https:\/\/museemaritime.cm\/wp-content\/uploads\/2022\/09\/JX7B8849w-1024x613.jpg\" alt=\"\" class=\"wp-image-215\" width=\"512\" height=\"307\" srcset=\"https:\/\/museemaritime.cm\/wp-content\/uploads\/2022\/09\/JX7B8849w-1024x613.jpg 1024w, https:\/\/museemaritime.cm\/wp-content\/uploads\/2022\/09\/JX7B8849w-300x180.jpg 300w, https:\/\/museemaritime.cm\/wp-content\/uploads\/2022\/09\/JX7B8849w-768x460.jpg 768w, https:\/\/museemaritime.cm\/wp-content\/uploads\/2022\/09\/JX7B8849w-1536x920.jpg 1536w, https:\/\/museemaritime.cm\/wp-content\/uploads\/2022\/09\/JX7B8849w-18x12.jpg 18w, https:\/\/museemaritime.cm\/wp-content\/uploads\/2022\/09\/JX7B8849w-100x60.jpg 100w, https:\/\/museemaritime.cm\/wp-content\/uploads\/2022\/09\/JX7B8849w.jpg 2000w\" sizes=\"auto, (max-width: 512px) 100vw, 512px\" \/><\/figure>\n<\/div>\n\n\n<p style=\"font-size:15px\">L\u2019ensemble des \u00e9l\u00e9ments de la sc\u00e9nographie concourt \u00e0 la mise en valeur du discours scientifique que les objets incarnent dans les espaces d\u2019exposition. Il s\u2019agit \u00e0 cet effet de sugg\u00e9rer une ambiance, une atmosph\u00e8re qui aide \u00e0 donner du sens \u00e0 la contextualisation des diff\u00e9rentes th\u00e9matiques. Le souci du Mus\u00e9e Maritime de Douala c&rsquo;est de revoir assez r\u00e9guli\u00e8rement la sc\u00e9nographie afin de repr\u00e9senter au mieux ses th\u00e9matiques et renseigner au mieux les visiteurs sur l&rsquo;histoire maritime du Cameroun et sur bien d\u2019autres sujets.<\/p>\n\n\n\n<p class=\"has-vivid-purple-color has-text-color\" style=\"font-size:17px\"><strong>Les Collections<\/strong><\/p>\n\n\n<div class=\"wp-block-image is-style-default\">\n<figure class=\"alignright size-large is-resized\"><img loading=\"lazy\" decoding=\"async\" src=\"https:\/\/museemaritime.cm\/wp-content\/uploads\/2022\/09\/JX7B8888w-1024x649.jpg\" alt=\"\" class=\"wp-image-214\" width=\"512\" height=\"325\" srcset=\"https:\/\/museemaritime.cm\/wp-content\/uploads\/2022\/09\/JX7B8888w-1024x649.jpg 1024w, https:\/\/museemaritime.cm\/wp-content\/uploads\/2022\/09\/JX7B8888w-300x190.jpg 300w, https:\/\/museemaritime.cm\/wp-content\/uploads\/2022\/09\/JX7B8888w-768x487.jpg 768w, https:\/\/museemaritime.cm\/wp-content\/uploads\/2022\/09\/JX7B8888w-1536x974.jpg 1536w, https:\/\/museemaritime.cm\/wp-content\/uploads\/2022\/09\/JX7B8888w-18x12.jpg 18w, https:\/\/museemaritime.cm\/wp-content\/uploads\/2022\/09\/JX7B8888w-95x60.jpg 95w, https:\/\/museemaritime.cm\/wp-content\/uploads\/2022\/09\/JX7B8888w.jpg 2000w\" sizes=\"auto, (max-width: 512px) 100vw, 512px\" \/><\/figure>\n<\/div>\n\n\n<p style=\"font-size:15px\">Dans sa politique d&rsquo;enrichir ses collections, le Mus\u00e9e Maritime de Douala a re\u00e7u des objets de la Communaut\u00e9 Urbaine de Douala (<strong>CUD<\/strong>) sous forme de pr\u00eat ou de don, de Boluda Cameroun, entreprise de remorquage bas\u00e9e \u00e0 Douala\u00a0; du Guichet Unique des Op\u00e9rations du Commerce Ext\u00e9rieur ; du Mus\u00e9e d&rsquo;art de Lima dans le Grand Batanga \u00e0 Kribi, de la Mairie de Bimbia, de TIDE WATER Pan Marine<strong>. <\/strong>Les particuliers, notamment M. Val\u00e8re EPEE, homme de culture sont venus enrichir la collection par des pr\u00eats. Au-del\u00e0 des dons et des pr\u00eats, le Mus\u00e9e Maritime de Douala a pass\u00e9 des commandes aupr\u00e8s des artistes pour la confection des maquettes de navires venus de la r\u00e9gion du Sud- Ouest retra\u00e7ant l&rsquo;\u00e9volution des navires. Le Mus\u00e9e a aussi acquis des outils de p\u00eache artisanale achet\u00e9s aupr\u00e8s des p\u00eacheurs.<\/p>\n\n\n<div class=\"wp-block-image\">\n<figure class=\"alignleft size-large is-resized\"><img loading=\"lazy\" decoding=\"async\" src=\"https:\/\/museemaritime.cm\/wp-content\/uploads\/2022\/09\/JX7B8896W-720x1024.jpg\" alt=\"\" class=\"wp-image-213\" width=\"180\" height=\"256\" srcset=\"https:\/\/museemaritime.cm\/wp-content\/uploads\/2022\/09\/JX7B8896W-720x1024.jpg 720w, https:\/\/museemaritime.cm\/wp-content\/uploads\/2022\/09\/JX7B8896W-211x300.jpg 211w, https:\/\/museemaritime.cm\/wp-content\/uploads\/2022\/09\/JX7B8896W-768x1092.jpg 768w, https:\/\/museemaritime.cm\/wp-content\/uploads\/2022\/09\/JX7B8896W-1080x1536.jpg 1080w, https:\/\/museemaritime.cm\/wp-content\/uploads\/2022\/09\/JX7B8896W-8x12.jpg 8w, https:\/\/museemaritime.cm\/wp-content\/uploads\/2022\/09\/JX7B8896W-42x60.jpg 42w, https:\/\/museemaritime.cm\/wp-content\/uploads\/2022\/09\/JX7B8896W.jpg 1406w\" sizes=\"auto, (max-width: 180px) 100vw, 180px\" \/><\/figure>\n<\/div>\n\n\n<p style=\"font-size:15px\">La visite s\u2019entreprend \u00e0 travers une th\u00e9matique majeure et fortement ancr\u00e9e dans l\u2019histoire du Cameroun, celle de la terre, de la mer et leurs interd\u00e9pendances.<\/p>\n\n\n\n<p style=\"font-size:15px\">Le Mus\u00e9e Maritime de Douala est dot\u00e9 d&rsquo;un simulateur. V\u00e9ritable outil de formation, ce simulateur est mis \u00e0 la dis\u00adposition des professionnels ou des appre\u00adnants pour la suite de leur formation. Cet appareil permet de reconstituer l&rsquo;environ\u00adnement d&rsquo;une s\u00e9ance de navigation et permet \u00e9galement aux visiteurs d&rsquo;avoir une id\u00e9e sur les techniques de la navigation maritime.<\/p>\n\n\n\n<p style=\"font-size:15px\"><\/p>\n","protected":false},"excerpt":{"rendered":"<p>A LA DECOUVERTE DES EXPOSITIONS Sc\u00e9nographie Dans un souci de r\u00e9ussite sc\u00e9nographique, les expositions concilient \u00e0 la fois rigueur scientifique et p\u00e9dagogique afin de permettre &hellip; <\/p>\n","protected":false},"author":1,"featured_media":0,"parent":0,"menu_order":0,"comment_status":"closed","ping_status":"closed","template":"","meta":{"_monsterinsights_skip_tracking":false,"_monsterinsights_sitenote_active":false,"_monsterinsights_sitenote_note":"","_monsterinsights_sitenote_category":0,"footnotes":""},"class_list":["post-55","page","type-page","status-publish","hentry"],"_links":{"self":[{"href":"https:\/\/museemaritime.cm\/fr_fr\/wp-json\/wp\/v2\/pages\/55","targetHints":{"allow":["GET"]}}],"collection":[{"href":"https:\/\/museemaritime.cm\/fr_fr\/wp-json\/wp\/v2\/pages"}],"about":[{"href":"https:\/\/museemaritime.cm\/fr_fr\/wp-json\/wp\/v2\/types\/page"}],"author":[{"embeddable":true,"href":"https:\/\/museemaritime.cm\/fr_fr\/wp-json\/wp\/v2\/users\/1"}],"replies":[{"embeddable":true,"href":"https:\/\/museemaritime.cm\/fr_fr\/wp-json\/wp\/v2\/comments?post=55"}],"version-history":[{"count":13,"href":"https:\/\/museemaritime.cm\/fr_fr\/wp-json\/wp\/v2\/pages\/55\/revisions"}],"predecessor-version":[{"id":236,"href":"https:\/\/museemaritime.cm\/fr_fr\/wp-json\/wp\/v2\/pages\/55\/revisions\/236"}],"wp:attachment":[{"href":"https:\/\/museemaritime.cm\/fr_fr\/wp-json\/wp\/v2\/media?parent=55"}],"curies":[{"name":"wp","href":"https:\/\/api.w.org\/{rel}","templated":true}]}}