{"id":53,"date":"2021-06-15T20:54:36","date_gmt":"2021-06-15T18:54:36","guid":{"rendered":"http:\/\/museemaritime.cm\/?page_id=53"},"modified":"2022-09-21T16:31:08","modified_gmt":"2022-09-21T15:31:08","slug":"presentation","status":"publish","type":"page","link":"https:\/\/museemaritime.cm\/fr_fr\/presentation\/","title":{"rendered":"Pr\u00e9sentation"},"content":{"rendered":"<div class=\"wp-block-image is-style-default\">\n<figure class=\"alignleft size-large is-resized\"><img loading=\"lazy\" decoding=\"async\" src=\"https:\/\/museemaritime.cm\/wp-content\/uploads\/2022\/09\/Muse\u0301e_officielle_2-1024x895.jpg\" alt=\"\" class=\"wp-image-202\" width=\"512\" height=\"448\" srcset=\"https:\/\/museemaritime.cm\/wp-content\/uploads\/2022\/09\/Muse\u0301e_officielle_2-1024x895.jpg 1024w, https:\/\/museemaritime.cm\/wp-content\/uploads\/2022\/09\/Muse\u0301e_officielle_2-300x262.jpg 300w, https:\/\/museemaritime.cm\/wp-content\/uploads\/2022\/09\/Muse\u0301e_officielle_2-768x671.jpg 768w, https:\/\/museemaritime.cm\/wp-content\/uploads\/2022\/09\/Muse\u0301e_officielle_2-1536x1342.jpg 1536w, https:\/\/museemaritime.cm\/wp-content\/uploads\/2022\/09\/Muse\u0301e_officielle_2-14x12.jpg 14w, https:\/\/museemaritime.cm\/wp-content\/uploads\/2022\/09\/Muse\u0301e_officielle_2-69x60.jpg 69w, https:\/\/museemaritime.cm\/wp-content\/uploads\/2022\/09\/Muse\u0301e_officielle_2.jpg 2000w\" sizes=\"auto, (max-width: 512px) 100vw, 512px\" \/><\/figure>\n<\/div>\n\n\n<p class=\"has-luminous-vivid-orange-color has-text-color has-medium-font-size\"><strong>Gen\u00e8se du Mus\u00e9e Maritime de Douala<\/strong><\/p>\n\n\n\n<p class=\"has-vivid-purple-color has-text-color\" style=\"font-size:17px\"><strong>Du pass\u00e9 au pr\u00e9sent<\/strong><\/p>\n\n\n\n<p style=\"font-size:15px\">D\u00e8s sa cr\u00e9ation, le Mus\u00e9e Maritime de Douala avait pour but de collecter, de conserver et d&rsquo;exposer des \u0153uvres et objets d&rsquo;importance ayant trait \u00e0 l&rsquo;histoire maritime du Cameroun en g\u00e9n\u00e9ral et de la c\u00f4te littorale en particulier. Tout au long de son histoire, ce haut lieu de culture va connaitre trois adresses. D\u2019abord \u00e0 l&rsquo;angle de la rue du Tribunal \u00e0 Bonanjo o\u00f9 le Mus\u00e9e Maritime de Douala va ouvrir ses portes au d\u00e9but des ann\u00e9es 80. Avec le temps, le Mus\u00e9e Maritime de Douala va changer d&#8217;emplacement pour s&rsquo;\u00e9tablir sur l&rsquo;avenue de Gaulle \u00e0 Bonanjo non loin de la Maison du Parti. Malheureusement, le Mus\u00e9e Maritime de Douala va fermer ses portes en 1989 \u00e0 la suite de la mise en hibernation du Conseil National des Chargeurs du Cameroun (<strong>CNCC<\/strong>).<\/p>\n\n\n\n<p style=\"font-size:15px\">Ainsi, la m\u00e9tropole \u00e9conomique du Cameroun, Douala que traverse le fleuve Wouri d\u2019o\u00f9 a \u00e9t\u00e9 tir\u00e9 le nom CAMEROUN- Rio dos Camaroes, va perdre un de ses sites touristiques. Mal conserv\u00e9e, la collection du mus\u00e9e va se d\u00e9t\u00e9riorer et de nombreux objets vont disparaitre. C&rsquo;est donc dans le but de redonner vie \u00e0 ce mus\u00e9e et de doter la ville de Douala d&rsquo;un espace culturel et historique que la nouvelle Direction G\u00e9n\u00e9rale du CNCC revenue sur la place portuaire de Douala en 2006 et conduite par M. Auguste MBAPPE PENDA lance en 2009 le projet de construction du Mus\u00e9e Maritime de Douala. Des objets retrouv\u00e9s dans un \u00e9tat de d\u00e9cr\u00e9pitude d\u00e9t\u00e9rioration avanc\u00e9e vont \u00eatre r\u00e9cup\u00e9r\u00e9s puis restaur\u00e9s pour servir de nouvelles collections compl\u00e9t\u00e9es par de nouvelles acquisitions.<\/p>\n\n\n\n<p class=\"has-vivid-purple-color has-text-color\" style=\"font-size:17px\"><strong>Aujourd&rsquo;hui<\/strong><\/p>\n\n\n<div class=\"wp-block-image\">\n<figure class=\"alignright size-large is-resized\"><img loading=\"lazy\" decoding=\"async\" src=\"https:\/\/museemaritime.cm\/wp-content\/uploads\/2022\/09\/JX7B8853w-1024x682.jpg\" alt=\"\" class=\"wp-image-207\" width=\"512\" height=\"341\" srcset=\"https:\/\/museemaritime.cm\/wp-content\/uploads\/2022\/09\/JX7B8853w-1024x682.jpg 1024w, https:\/\/museemaritime.cm\/wp-content\/uploads\/2022\/09\/JX7B8853w-300x200.jpg 300w, https:\/\/museemaritime.cm\/wp-content\/uploads\/2022\/09\/JX7B8853w-768x512.jpg 768w, https:\/\/museemaritime.cm\/wp-content\/uploads\/2022\/09\/JX7B8853w-1536x1024.jpg 1536w, https:\/\/museemaritime.cm\/wp-content\/uploads\/2022\/09\/JX7B8853w-18x12.jpg 18w, https:\/\/museemaritime.cm\/wp-content\/uploads\/2022\/09\/JX7B8853w-90x60.jpg 90w, https:\/\/museemaritime.cm\/wp-content\/uploads\/2022\/09\/JX7B8853w-420x280.jpg 420w, https:\/\/museemaritime.cm\/wp-content\/uploads\/2022\/09\/JX7B8853w.jpg 2000w\" sizes=\"auto, (max-width: 512px) 100vw, 512px\" \/><\/figure>\n<\/div>\n\n\n<p style=\"font-size:15px\">Depuis le 17 d\u00e9cembre 2013, le Mus\u00e9e Maritime de Douala connait son troisi\u00e8me emplacement dans la ville de Douala et toujours au quartier Bonanjo \u00e0 la rue de l&rsquo;H\u00f4pital \u00e0 quelques encablures de la place portuaire de Douala. Le Mus\u00e9e Maritime de Douala, sous la forme d\u2019un navire affiche fi\u00e8re allure et s&rsquo;identifie comme un joyau architectural. Pour parvenir \u00e0 cette r\u00e9alisation, un Comit\u00e9 en charge de la r\u00e9habilitation du Mus\u00e9e Maritime de Douala compos\u00e9 des cadres du Minist\u00e8re des Arts et de la Culture, du Minist\u00e8re du Tourisme et des Loisirs, des hommes de culture, des historiens et du personnel du Conseil National des Chargeurs du Cameroun (CNCC) a travaill\u00e9 dur sur le projet.<\/p>\n\n\n\n<p style=\"font-size:15px\">Tel que r\u00e9habilit\u00e9, le Mus\u00e9e Maritime de Douala s&rsquo;inscrit dans un vaste programme de collecte, de conservation et de diffusion du patrimoine culturel de la c\u00f4te camerounaise et de la valorisation de son histoire. Le but recherch\u00e9 est de mieux comprendre et conna\u00eetre le paysage maritime camerounais ainsi que son \u00e9volution au fil des ann\u00e9es \u00e0 travers des objets d\u2019exposition. Le Mus\u00e9e Maritime de Douala r\u00e9habilit\u00e9 renferme une th\u00e9matique vari\u00e9e qui repose sur l&rsquo;homme dans son milieu naturel ; l&rsquo;histoire des \u00e9changes commerciaux et leur \u00e9volution dans les ports camerounais, et l&rsquo;\u00e9volution des types de navires dans le monde et dans les ports camerounais.<\/p>\n\n\n\n<p class=\"has-vivid-purple-color has-text-color has-medium-font-size\"><strong>POURQUOI VENIR AU MUS\u00c9E MARITIME DE DOUALA<\/strong><\/p>\n\n\n\n<p class=\"has-vivid-purple-color has-text-color\"><em>Visiter le Mus\u00e9e Maritime de Douala, c&rsquo;est&nbsp;:<\/em><\/p>\n\n\n\n<p class=\"has-luminous-vivid-orange-color has-text-color\"><strong><em>APPRENDRE<\/em><\/strong><\/p>\n\n\n\n<p style=\"font-size:15px\"><em>Le Cameroun poss\u00e8de une riche histoire maritime qui m\u00e9riterait d&rsquo;\u00eatre transmise de g\u00e9n\u00e9ration en g\u00e9n\u00e9ration. Le Mus\u00e9e Maritime de Douala donne l\u2019opportunit\u00e9 aux visiteurs de la d\u00e9couvrir \u00e0 travers de nombreux objets expos\u00e9s et des rares collections d\u2019autrefois.<\/em><\/p>\n\n\n\n<p class=\"has-luminous-vivid-orange-color has-text-color\"><strong><em>SE FORMER<\/em><\/strong><\/p>\n\n\n\n<p style=\"font-size:15px\"><em>Les professionnels de la navigation maritime ont l\u2019opportunit\u00e9 de faire des exercices gr\u00e2ce \u00e0 la pr\u00e9sence d&rsquo;un simulateur de navigation. Les \u00e9tudiants et chercheurs peuvent profiter de la documentation et des expositions pour approfondir leurs connaissances acad\u00e9miques et professionnelles.<\/em><\/p>\n\n\n\n<p class=\"has-luminous-vivid-orange-color has-text-color\"><strong><em>\u00c9CHANGER<\/em><\/strong><\/p>\n\n\n\n<p style=\"font-size:15px\"><em>Au-del\u00e0 des expositions, le Mus\u00e9e Maritime de Douala est un milieu de vie intellectuelle et culturelle qui offre la possibilit\u00e9 aux visiteurs de confronter leurs points de vue \u00e0 travers les ateliers d&rsquo;animation, des conf\u00e9rences et autres rencontres.<\/em><\/p>\n\n\n\n<p class=\"has-luminous-vivid-orange-color has-text-color\" style=\"font-size:17px\"><strong><em>SE DIVERTIR<\/em><\/strong><\/p>\n\n\n\n<p style=\"font-size:15px\"><em>Des manifestations et animations diverses, des ateliers p\u00e9dagogiques, artistiques, culturels et scientifiques sous l\u2019encadrement des animateurs sont r\u00e9guli\u00e8rement propos\u00e9s aux enfants et aux \u00e9l\u00e8ves du primaire. Le but, \u00e9veiller les consciences.<\/em><\/p>\n","protected":false},"excerpt":{"rendered":"<p>Gen\u00e8se du Mus\u00e9e Maritime de Douala Du pass\u00e9 au pr\u00e9sent D\u00e8s sa cr\u00e9ation, le Mus\u00e9e Maritime de Douala avait pour but de collecter, de conserver &hellip; <\/p>\n","protected":false},"author":1,"featured_media":0,"parent":0,"menu_order":0,"comment_status":"closed","ping_status":"closed","template":"","meta":{"_monsterinsights_skip_tracking":false,"_monsterinsights_sitenote_active":false,"_monsterinsights_sitenote_note":"","_monsterinsights_sitenote_category":0,"footnotes":""},"class_list":["post-53","page","type-page","status-publish","hentry"],"_links":{"self":[{"href":"https:\/\/museemaritime.cm\/fr_fr\/wp-json\/wp\/v2\/pages\/53","targetHints":{"allow":["GET"]}}],"collection":[{"href":"https:\/\/museemaritime.cm\/fr_fr\/wp-json\/wp\/v2\/pages"}],"about":[{"href":"https:\/\/museemaritime.cm\/fr_fr\/wp-json\/wp\/v2\/types\/page"}],"author":[{"embeddable":true,"href":"https:\/\/museemaritime.cm\/fr_fr\/wp-json\/wp\/v2\/users\/1"}],"replies":[{"embeddable":true,"href":"https:\/\/museemaritime.cm\/fr_fr\/wp-json\/wp\/v2\/comments?post=53"}],"version-history":[{"count":16,"href":"https:\/\/museemaritime.cm\/fr_fr\/wp-json\/wp\/v2\/pages\/53\/revisions"}],"predecessor-version":[{"id":248,"href":"https:\/\/museemaritime.cm\/fr_fr\/wp-json\/wp\/v2\/pages\/53\/revisions\/248"}],"wp:attachment":[{"href":"https:\/\/museemaritime.cm\/fr_fr\/wp-json\/wp\/v2\/media?parent=53"}],"curies":[{"name":"wp","href":"https:\/\/api.w.org\/{rel}","templated":true}]}}