{"id":18,"date":"2021-05-14T19:26:27","date_gmt":"2021-05-14T17:26:27","guid":{"rendered":"http:\/\/museemaritime.cm\/?page_id=18"},"modified":"2023-03-31T13:54:52","modified_gmt":"2023-03-31T12:54:52","slug":"home","status":"publish","type":"page","link":"https:\/\/museemaritime.cm\/fr_fr\/","title":{"rendered":""},"content":{"rendered":"\n\n\n\n<hr class=\"wp-block-separator has-css-opacity\"\/>\n\n\n<style id=\"sp_pcp_dynamic_style95\">#pcp_wrapper-95 .sp-pcp-row{ margin-right: -10px;margin-left: -10px;}#pcp_wrapper-95 .sp-pcp-row [class*='sp-pcp-col-']{padding-right: 10px;padding-left: 10px;padding-bottom: 20px;}.pcp-wrapper-95 .sp-pcp-title a {color: #111;display: inherit;} .pcp-wrapper-95 .sp-pcp-title a:hover {color: #dd3333;}#pcp_wrapper-95 .sp-pcp-post {padding: 0 0 0 0;}#pcp_wrapper-95 .sp-pcp-post {border: 0px solid #e2e2e2;}#pcp_wrapper-95 .sp-pcp-post {border-radius: 0px;}#pcp_wrapper-95 .sp-pcp-post{background-color: transparent;}.pcp-wrapper-95 .sp-pcp-post-meta li,.pcp-wrapper-95 .sp-pcp-post-meta ul,.pcp-wrapper-95 .sp-pcp-post-meta li a{color: #888;}.pcp-wrapper-95 .sp-pcp-post-meta li a:hover{color: #dd3333;}#pcp_wrapper-95 .pcp-post-pagination .page-numbers.current, #pcp_wrapper-95 .pcp-post-pagination a.active , #pcp_wrapper-95 .pcp-post-pagination a:hover{ color: #ffffff; background: #e1624b; border-color: #e1624b; }#pcp_wrapper-95 .pcp-post-pagination .page-numbers, .pcp-post-pagination a{ background: #ffffff; color:#5e5e5e; border-color: #bbbbbb; }<\/style>\n<div id=\"pcp_wrapper-95\" class=\"sp-pcp-section sp-pcp-container pcp-wrapper-95\">\n<div id=\"pcp-preloader\" class=\"pcp-preloader\"><\/div>\n\t\t<div class=\"sp-pcp-row\">\n\t\t\t\t<div class=\" sp-pcp-col-xs-1 sp-pcp-col-sm-1 sp-pcp-col-md-1 sp-pcp-col-lg-2 sp-pcp-col-xl-2\">\n\t\t\t<div class=\"sp-pcp-post pcp-item-468\" data-id=\"468\">\n\t\t\t\t\t\t\t\t<div class=\"pcp-post-thumb-wrapper\">\n\t\t\t\t\t<div class=\"sp-pcp-post-thumb-area\">\n\t\t\t\t\t\t\t\t\t\t\t\t<a class=\"sp-pcp-thumb\" href=\"https:\/\/museemaritime.cm\/fr_fr\/visite-des-etudiants-de-buea\/\" target=\"_self\" rel=nofollow>\n\t\t\t\t\t\t\t\t\t\t\t\t\t<img loading=\"lazy\" decoding=\"async\" src=\"https:\/\/museemaritime.cm\/wp-content\/uploads\/2025\/05\/Universite-de-Buea-800x530.jpeg\" width=\"800\" height=\"530\" alt=\"\">\n\t\t\t\t\t\t<\/a>\n\t\t\t\t\t<\/div>\n\t\t\t\t<\/div>\n\t\t\t\t\t\t\t<h4 class=\"sp-pcp-title\">\n\t\t\t\t\t\t\t\t\t<a href=\"https:\/\/museemaritime.cm\/fr_fr\/visite-des-etudiants-de-buea\/\" rel=nofollow target=\"_self\">Visite des \u00e9tudiants de Bu\u00e9a<\/a>\t\t\t\t\t\t\t<\/h4>\n\t\t\t\t\t\t\t<\/div>\n\t\t<\/div>\n\t\t\t\t<div class=\" sp-pcp-col-xs-1 sp-pcp-col-sm-1 sp-pcp-col-md-1 sp-pcp-col-lg-2 sp-pcp-col-xl-2\">\n\t\t\t<div class=\"sp-pcp-post pcp-item-464\" data-id=\"464\">\n\t\t\t\t\t\t\t\t<div class=\"pcp-post-thumb-wrapper\">\n\t\t\t\t\t<div class=\"sp-pcp-post-thumb-area\">\n\t\t\t\t\t\t\t\t\t\t\t\t<a class=\"sp-pcp-thumb\" href=\"https:\/\/museemaritime.cm\/fr_fr\/la-visite-des-eleves-de-lecole-bilingue-sira\/\" target=\"_self\" rel=nofollow>\n\t\t\t\t\t\t\t\t\t\t\t\t\t<img loading=\"lazy\" decoding=\"async\" src=\"https:\/\/museemaritime.cm\/wp-content\/uploads\/2025\/05\/Sira-800x530.jpeg\" width=\"800\" height=\"530\" alt=\"\">\n\t\t\t\t\t\t<\/a>\n\t\t\t\t\t<\/div>\n\t\t\t\t<\/div>\n\t\t\t\t\t\t\t<h4 class=\"sp-pcp-title\">\n\t\t\t\t\t\t\t\t\t<a href=\"https:\/\/museemaritime.cm\/fr_fr\/la-visite-des-eleves-de-lecole-bilingue-sira\/\" rel=nofollow target=\"_self\">La visite des \u00e9l\u00e8ves de l&rsquo;\u00e9cole bilingue SIRA<\/a>\t\t\t\t\t\t\t<\/h4>\n\t\t\t\t\t\t\t<\/div>\n\t\t<\/div>\n\t\t\t\t<div class=\" sp-pcp-col-xs-1 sp-pcp-col-sm-1 sp-pcp-col-md-1 sp-pcp-col-lg-2 sp-pcp-col-xl-2\">\n\t\t\t<div class=\"sp-pcp-post pcp-item-460\" data-id=\"460\">\n\t\t\t\t\t\t\t\t<div class=\"pcp-post-thumb-wrapper\">\n\t\t\t\t\t<div class=\"sp-pcp-post-thumb-area\">\n\t\t\t\t\t\t\t\t\t\t\t\t<a class=\"sp-pcp-thumb\" href=\"https:\/\/museemaritime.cm\/fr_fr\/exposition-soul-makossa-man\/\" target=\"_self\" rel=nofollow>\n\t\t\t\t\t\t\t\t\t\t\t\t\t<img loading=\"lazy\" decoding=\"async\" src=\"https:\/\/museemaritime.cm\/wp-content\/uploads\/2024\/11\/flyer-soul-makossa_-800x530.png\" width=\"800\" height=\"530\" alt=\"\">\n\t\t\t\t\t\t<\/a>\n\t\t\t\t\t<\/div>\n\t\t\t\t<\/div>\n\t\t\t\t\t\t\t<h4 class=\"sp-pcp-title\">\n\t\t\t\t\t\t\t\t\t<a href=\"https:\/\/museemaritime.cm\/fr_fr\/exposition-soul-makossa-man\/\" rel=nofollow target=\"_self\">Exposition Soul Makossa Man<\/a>\t\t\t\t\t\t\t<\/h4>\n\t\t\t\t\t\t\t<\/div>\n\t\t<\/div>\n\t\t\t\t<div class=\" sp-pcp-col-xs-1 sp-pcp-col-sm-1 sp-pcp-col-md-1 sp-pcp-col-lg-2 sp-pcp-col-xl-2\">\n\t\t\t<div class=\"sp-pcp-post pcp-item-457\" data-id=\"457\">\n\t\t\t\t\t\t\t\t<div class=\"pcp-post-thumb-wrapper\">\n\t\t\t\t\t<div class=\"sp-pcp-post-thumb-area\">\n\t\t\t\t\t\t\t\t\t\t\t\t<a class=\"sp-pcp-thumb\" href=\"https:\/\/museemaritime.cm\/fr_fr\/un-hote-de-marque\/\" target=\"_self\" rel=nofollow>\n\t\t\t\t\t\t\t\t\t\t\t\t\t<img loading=\"lazy\" decoding=\"async\" src=\"https:\/\/museemaritime.cm\/wp-content\/uploads\/2024\/11\/ministre-GE-MMD-800x530.jpg\" width=\"800\" height=\"530\" alt=\"\">\n\t\t\t\t\t\t<\/a>\n\t\t\t\t\t<\/div>\n\t\t\t\t<\/div>\n\t\t\t\t\t\t\t<h4 class=\"sp-pcp-title\">\n\t\t\t\t\t\t\t\t\t<a href=\"https:\/\/museemaritime.cm\/fr_fr\/un-hote-de-marque\/\" rel=nofollow target=\"_self\">Un h\u00f4te de marque<\/a>\t\t\t\t\t\t\t<\/h4>\n\t\t\t\t\t\t\t<\/div>\n\t\t<\/div>\n\t\t\t\t<div class=\" sp-pcp-col-xs-1 sp-pcp-col-sm-1 sp-pcp-col-md-1 sp-pcp-col-lg-2 sp-pcp-col-xl-2\">\n\t\t\t<div class=\"sp-pcp-post pcp-item-453\" data-id=\"453\">\n\t\t\t\t\t\t\t\t<div class=\"pcp-post-thumb-wrapper\">\n\t\t\t\t\t<div class=\"sp-pcp-post-thumb-area\">\n\t\t\t\t\t\t\t\t\t\t\t\t<a class=\"sp-pcp-thumb\" href=\"https:\/\/museemaritime.cm\/fr_fr\/les-marins-bresiliens-en-visite\/\" target=\"_self\" rel=nofollow>\n\t\t\t\t\t\t\t\t\t\t\t\t\t<img loading=\"lazy\" decoding=\"async\" src=\"https:\/\/museemaritime.cm\/wp-content\/uploads\/2024\/09\/Brazilian_MMD_2024-800x530.jpg\" width=\"800\" height=\"530\" alt=\"\">\n\t\t\t\t\t\t<\/a>\n\t\t\t\t\t<\/div>\n\t\t\t\t<\/div>\n\t\t\t\t\t\t\t<h4 class=\"sp-pcp-title\">\n\t\t\t\t\t\t\t\t\t<a href=\"https:\/\/museemaritime.cm\/fr_fr\/les-marins-bresiliens-en-visite\/\" rel=nofollow target=\"_self\">Les marins br\u00e9siliens en visite<\/a>\t\t\t\t\t\t\t<\/h4>\n\t\t\t\t\t\t\t<\/div>\n\t\t<\/div>\n\t\t\t\t<div class=\" sp-pcp-col-xs-1 sp-pcp-col-sm-1 sp-pcp-col-md-1 sp-pcp-col-lg-2 sp-pcp-col-xl-2\">\n\t\t\t<div class=\"sp-pcp-post pcp-item-449\" data-id=\"449\">\n\t\t\t\t\t\t\t\t<div class=\"pcp-post-thumb-wrapper\">\n\t\t\t\t\t<div class=\"sp-pcp-post-thumb-area\">\n\t\t\t\t\t\t\t\t\t\t\t\t<a class=\"sp-pcp-thumb\" href=\"https:\/\/museemaritime.cm\/fr_fr\/clap-de-fin\/\" target=\"_self\" rel=nofollow>\n\t\t\t\t\t\t\t\t\t\t\t\t\t<img loading=\"lazy\" decoding=\"async\" src=\"https:\/\/museemaritime.cm\/wp-content\/uploads\/2024\/09\/Cloture_Vacances_MMD_2024-800x530.jpg\" width=\"800\" height=\"530\" alt=\"\">\n\t\t\t\t\t\t<\/a>\n\t\t\t\t\t<\/div>\n\t\t\t\t<\/div>\n\t\t\t\t\t\t\t<h4 class=\"sp-pcp-title\">\n\t\t\t\t\t\t\t\t\t<a href=\"https:\/\/museemaritime.cm\/fr_fr\/clap-de-fin\/\" rel=nofollow target=\"_self\">Clap de fin<\/a>\t\t\t\t\t\t\t<\/h4>\n\t\t\t\t\t\t\t<\/div>\n\t\t<\/div>\n\t\t\t\t<div class=\" sp-pcp-col-xs-1 sp-pcp-col-sm-1 sp-pcp-col-md-1 sp-pcp-col-lg-2 sp-pcp-col-xl-2\">\n\t\t\t<div class=\"sp-pcp-post pcp-item-445\" data-id=\"445\">\n\t\t\t\t\t\t\t\t<div class=\"pcp-post-thumb-wrapper\">\n\t\t\t\t\t<div class=\"sp-pcp-post-thumb-area\">\n\t\t\t\t\t\t\t\t\t\t\t\t<a class=\"sp-pcp-thumb\" href=\"https:\/\/museemaritime.cm\/fr_fr\/la-rehabilitation-des-heros-nationaux\/\" target=\"_self\" rel=nofollow>\n\t\t\t\t\t\t\t\t\t\t\t\t\t<img loading=\"lazy\" decoding=\"async\" src=\"https:\/\/museemaritime.cm\/wp-content\/uploads\/2024\/09\/Tetekobo_110_ans-800x530.jpg\" width=\"800\" height=\"530\" alt=\"\">\n\t\t\t\t\t\t<\/a>\n\t\t\t\t\t<\/div>\n\t\t\t\t<\/div>\n\t\t\t\t\t\t\t<h4 class=\"sp-pcp-title\">\n\t\t\t\t\t\t\t\t\t<a href=\"https:\/\/museemaritime.cm\/fr_fr\/la-rehabilitation-des-heros-nationaux\/\" rel=nofollow target=\"_self\">La R\u00e9habilitation des h\u00e9ros nationaux<\/a>\t\t\t\t\t\t\t<\/h4>\n\t\t\t\t\t\t\t<\/div>\n\t\t<\/div>\n\t\t\t\t<div class=\" sp-pcp-col-xs-1 sp-pcp-col-sm-1 sp-pcp-col-md-1 sp-pcp-col-lg-2 sp-pcp-col-xl-2\">\n\t\t\t<div class=\"sp-pcp-post pcp-item-441\" data-id=\"441\">\n\t\t\t\t\t\t\t\t<div class=\"pcp-post-thumb-wrapper\">\n\t\t\t\t\t<div class=\"sp-pcp-post-thumb-area\">\n\t\t\t\t\t\t\t\t\t\t\t\t<a class=\"sp-pcp-thumb\" href=\"https:\/\/museemaritime.cm\/fr_fr\/lancement-du-programme-vacances-au-musee-maritime-de-douala\/\" target=\"_self\" rel=nofollow>\n\t\t\t\t\t\t\t\t\t\t\t\t\t<img loading=\"lazy\" decoding=\"async\" src=\"https:\/\/museemaritime.cm\/wp-content\/uploads\/2024\/07\/WhatsApp-Image-2024-07-05-at-15.55.43-800x530.jpeg\" width=\"800\" height=\"530\" alt=\"\">\n\t\t\t\t\t\t<\/a>\n\t\t\t\t\t<\/div>\n\t\t\t\t<\/div>\n\t\t\t\t\t\t\t<h4 class=\"sp-pcp-title\">\n\t\t\t\t\t\t\t\t\t<a href=\"https:\/\/museemaritime.cm\/fr_fr\/lancement-du-programme-vacances-au-musee-maritime-de-douala\/\" rel=nofollow target=\"_self\">Lancement du Programme Vacances au Mus\u00e9e Maritime de Douala<\/a>\t\t\t\t\t\t\t<\/h4>\n\t\t\t\t\t\t\t<\/div>\n\t\t<\/div>\n\t\t\t<\/div>\n\t\t<span class=\"sp-pcp-pagination-data\" style=\"display:none;\"><\/span>\n\n\t\t<nav class=\"pcp-post-pagination pcp-on-desktop\">\n\t\t\t\t\t<\/nav>\n\t\t\t\t\t<nav class=\"pcp-post-pagination pcp-on-mobile\">\n\t\t\t\t\t<\/nav>\n\t\t\t\t<\/div>\n\n","protected":false},"excerpt":{"rendered":"","protected":false},"author":1,"featured_media":0,"parent":0,"menu_order":0,"comment_status":"closed","ping_status":"closed","template":"","meta":{"_monsterinsights_skip_tracking":false,"_monsterinsights_sitenote_active":false,"_monsterinsights_sitenote_note":"","_monsterinsights_sitenote_category":0,"footnotes":""},"class_list":["post-18","page","type-page","status-publish","hentry"],"_links":{"self":[{"href":"https:\/\/museemaritime.cm\/fr_fr\/wp-json\/wp\/v2\/pages\/18","targetHints":{"allow":["GET"]}}],"collection":[{"href":"https:\/\/museemaritime.cm\/fr_fr\/wp-json\/wp\/v2\/pages"}],"about":[{"href":"https:\/\/museemaritime.cm\/fr_fr\/wp-json\/wp\/v2\/types\/page"}],"author":[{"embeddable":true,"href":"https:\/\/museemaritime.cm\/fr_fr\/wp-json\/wp\/v2\/users\/1"}],"replies":[{"embeddable":true,"href":"https:\/\/museemaritime.cm\/fr_fr\/wp-json\/wp\/v2\/comments?post=18"}],"version-history":[{"count":15,"href":"https:\/\/museemaritime.cm\/fr_fr\/wp-json\/wp\/v2\/pages\/18\/revisions"}],"predecessor-version":[{"id":306,"href":"https:\/\/museemaritime.cm\/fr_fr\/wp-json\/wp\/v2\/pages\/18\/revisions\/306"}],"wp:attachment":[{"href":"https:\/\/museemaritime.cm\/fr_fr\/wp-json\/wp\/v2\/media?parent=18"}],"curies":[{"name":"wp","href":"https:\/\/api.w.org\/{rel}","templated":true}]}}