{"id":172,"date":"2022-09-19T16:45:52","date_gmt":"2022-09-19T15:45:52","guid":{"rendered":"https:\/\/museemaritime.cm\/?page_id=172"},"modified":"2022-09-26T15:41:02","modified_gmt":"2022-09-26T14:41:02","slug":"mot-du-directeur-general","status":"publish","type":"page","link":"https:\/\/museemaritime.cm\/fr_fr\/mot-du-directeur-general\/","title":{"rendered":"Mot du DG CNCC"},"content":{"rendered":"<div class=\"wp-block-image\">\n<figure class=\"alignleft size-large is-resized\"><img loading=\"lazy\" decoding=\"async\" src=\"https:\/\/museemaritime.cm\/wp-content\/uploads\/2022\/09\/JX7B8942-1024x772.jpg\" alt=\"\" class=\"wp-image-250\" width=\"256\" height=\"193\" srcset=\"https:\/\/museemaritime.cm\/wp-content\/uploads\/2022\/09\/JX7B8942-1024x772.jpg 1024w, https:\/\/museemaritime.cm\/wp-content\/uploads\/2022\/09\/JX7B8942-300x226.jpg 300w, https:\/\/museemaritime.cm\/wp-content\/uploads\/2022\/09\/JX7B8942-768x579.jpg 768w, https:\/\/museemaritime.cm\/wp-content\/uploads\/2022\/09\/JX7B8942-1536x1157.jpg 1536w, https:\/\/museemaritime.cm\/wp-content\/uploads\/2022\/09\/JX7B8942-2048x1543.jpg 2048w, https:\/\/museemaritime.cm\/wp-content\/uploads\/2022\/09\/JX7B8942-16x12.jpg 16w, https:\/\/museemaritime.cm\/wp-content\/uploads\/2022\/09\/JX7B8942-80x60.jpg 80w\" sizes=\"auto, (max-width: 256px) 100vw, 256px\" \/><\/figure>\n<\/div>\n\n\n<p style=\"font-size:15px\">Dans un monde devenu un village plan\u00e9taire, la digitalisation gagne de plus en plus du terrain. Aucun aspect de la vie humaine ne saurait \u00eatre en marge. C\u2019est le cas du Mus\u00e9e Maritime de Douala ouvert au public en 2013. Cette institution mus\u00e9ale retrace l\u2019histoire de la c\u00f4te camerounaise \u00e0 travers ses nombreux objets. Outre l\u2019entr\u00e9e de son imposant b\u00e2timent \u00e0 la forme d\u2019un navire qui vous accueille, le Mus\u00e9e Maritime de Douala vous ouvre aussi ses portes en un clic. Je viens \u00e0 cet effet vous souhaiter la bienvenue sur son site web enti\u00e8rement r\u00e9nov\u00e9. L\u2019objectif fondamental de ce site est de cr\u00e9er une interaction entre ce haut lieu de culture et ses diff\u00e9rents publics.<\/p>\n\n\n\n<p style=\"font-size:15px\">Le Mus\u00e9e Maritime de Douala est situ\u00e9 dans le quartier administratif, Bonanjo \u00e0 Douala, et \u00e0 quelques m\u00e8tres de la zone portuaire. Le Mus\u00e9e Maritime de Douala, comme son nom l\u2019indique expose des \u0153uvres aussi symboliques que repr\u00e9sentatives qui retracent l\u2019histoire maritime du Cameroun. Il retrace l\u2019histoire de la m\u00e9tropole \u00e9conomique du Cameroun, Douala n\u00e9e \u00e0 la faveur des \u00e9changes commerciaux entre les peuples de la c\u00f4te et les colons. Depuis ce temps, le Mus\u00e9e Maritime de Douala poursuit inexorablement sa marche vers son avenir. <strong><em>\u00ab Connaitre le pass\u00e9 pour mieux comprendre le pr\u00e9sent et construire le futur \u00bb<\/em><\/strong>, tel est son slogan.<\/p>\n\n\n\n<p style=\"font-size:15px\">Les vestiges de l\u2019univers portuaire et maritime camerounais ont d\u00e9sormais un espace pour leur exposition, conservation et mise en valeur. C\u2019est dans le but de faire conna\u00eetre et de promouvoir ces collections que le Conseil National des Chargeurs du Cameroun (<strong>CNCC<\/strong>) a proc\u00e9d\u00e9 au relookage du site Web du Mus\u00e9e Maritime de Douala. En ouvrant cette lucarne au monde entier, le site web du Mus\u00e9e Maritime de Douala invite les passionn\u00e9s de la culture, les visiteurs, les bonnes volont\u00e9s et les m\u00e9c\u00e8nes, de venir \u00e0 la d\u00e9couverte de son histoire, de ses th\u00e9matiques, de ses expositions, de ses programmes d\u2019animation, bref de ses offres.<\/p>\n\n\n\n<p><strong>Le Directeur G\u00e9n\u00e9ral<\/strong><\/p>\n\n\n\n<p><strong>Auguste MBAPPE PENDA<\/strong><\/p>\n","protected":false},"excerpt":{"rendered":"<p>Dans un monde devenu un village plan\u00e9taire, la digitalisation gagne de plus en plus du terrain. Aucun aspect de la vie humaine ne saurait \u00eatre &hellip; <\/p>\n","protected":false},"author":1,"featured_media":0,"parent":0,"menu_order":0,"comment_status":"closed","ping_status":"closed","template":"","meta":{"_monsterinsights_skip_tracking":false,"_monsterinsights_sitenote_active":false,"_monsterinsights_sitenote_note":"","_monsterinsights_sitenote_category":0,"footnotes":""},"class_list":["post-172","page","type-page","status-publish","hentry"],"_links":{"self":[{"href":"https:\/\/museemaritime.cm\/fr_fr\/wp-json\/wp\/v2\/pages\/172","targetHints":{"allow":["GET"]}}],"collection":[{"href":"https:\/\/museemaritime.cm\/fr_fr\/wp-json\/wp\/v2\/pages"}],"about":[{"href":"https:\/\/museemaritime.cm\/fr_fr\/wp-json\/wp\/v2\/types\/page"}],"author":[{"embeddable":true,"href":"https:\/\/museemaritime.cm\/fr_fr\/wp-json\/wp\/v2\/users\/1"}],"replies":[{"embeddable":true,"href":"https:\/\/museemaritime.cm\/fr_fr\/wp-json\/wp\/v2\/comments?post=172"}],"version-history":[{"count":8,"href":"https:\/\/museemaritime.cm\/fr_fr\/wp-json\/wp\/v2\/pages\/172\/revisions"}],"predecessor-version":[{"id":251,"href":"https:\/\/museemaritime.cm\/fr_fr\/wp-json\/wp\/v2\/pages\/172\/revisions\/251"}],"wp:attachment":[{"href":"https:\/\/museemaritime.cm\/fr_fr\/wp-json\/wp\/v2\/media?parent=172"}],"curies":[{"name":"wp","href":"https:\/\/api.w.org\/{rel}","templated":true}]}}