{"id":59,"date":"2021-06-15T20:56:22","date_gmt":"2021-06-15T18:56:22","guid":{"rendered":"http:\/\/museemaritime.cm\/?page_id=59"},"modified":"2022-09-20T08:35:46","modified_gmt":"2022-09-20T07:35:46","slug":"infos-pratiques","status":"publish","type":"page","link":"https:\/\/museemaritime.cm\/en\/infos-pratiques\/","title":{"rendered":"Useful Information"},"content":{"rendered":"<p class=\"has-black-color has-luminous-vivid-amber-background-color has-text-color has-background\" style=\"font-size:25px\"><strong>Location<\/strong><\/p>\n\n\n\n<figure class=\"wp-block-pullquote has-text-align-left has-luminous-vivid-amber-color has-text-color\" style=\"border-radius:0px;font-size:15px;font-style:normal;font-weight:400\"><blockquote><p>Rue de l'h\u00f4pital- Douala, Cameroon<\/p><p>Opposite Division Informatique des Douanes\nBonanjo- Douala<\/p><p>Fixed (+237) 233 42 21 66<\/p><\/blockquote><\/figure>\n\n\n\n<p class=\"has-black-color has-pale-cyan-blue-background-color has-text-color has-background\" style=\"font-size:25px\"><strong>Working hours (weekdays)<\/strong><\/p>\n\n\n\n<figure class=\"wp-block-pullquote has-text-align-left has-pale-cyan-blue-color has-text-color\" style=\"border-radius:0px;font-size:15px;font-style:normal;font-weight:400\"><blockquote><p>Tuesday to Friday: 9:00 a.m. to 5:30p.m.<\/p><p>Weekends and public holidays: 12pm to 5:30pm<\/p><\/blockquote><\/figure>\n\n\n\n<p class=\"has-black-color has-vivid-purple-background-color has-text-color has-background\" style=\"font-size:25px\"><strong>Entry fee<\/strong><\/p>\n\n\n\n<figure class=\"wp-block-pullquote has-text-align-left has-border-color has-vivid-purple-border-color has-vivid-purple-color has-text-color\" style=\"border-radius:0px;font-size:15px;font-style:normal;font-weight:400\"><blockquote><p>Kids and primary school pupils: 1,500 Frs CFA<\/p><p>Secondary school students: 2,000 Frs CFA<\/p><p>Students of Universities and Higher Institutes: 2,500 Frs CFA<\/p><p>Adults (nationals &amp; foreigners): 3,500 Frs CFA<\/p><\/blockquote><\/figure>\n\n\n\n<p class=\"has-vivid-purple-color has-light-green-cyan-background-color has-text-color has-background\" style=\"font-size:25px\"><strong>Group visits<\/strong><\/p>\n\n\n\n<figure class=\"wp-block-pullquote has-text-align-left has-light-green-cyan-color has-text-color\" style=\"border-radius:0px;font-size:15px\"><blockquote><p>There is a 15% discount for group visits of 10 or more persons. Our team is at the disposal of schools and tour organizers to help them plan visits by school and tourist groups.<\/p><\/blockquote><\/figure>\n\n\n\n<p class=\"has-black-color has-vivid-red-background-color has-text-color has-background\" style=\"font-size:25px\"><strong>Pictures<\/strong><\/p>\n\n\n\n<figure class=\"wp-block-pullquote has-text-align-left has-vivid-red-color has-text-color\" style=\"border-radius:0px;font-size:15px;font-style:normal;font-weight:400\"><blockquote><p>Mobile phone : 1,000 Frs CFA<\/p><p>Professional camera : 3,000 Frs CFA<\/p><\/blockquote><\/figure>\n\n\n\n<p class=\"has-white-color has-vivid-purple-background-color has-text-color has-background\" style=\"font-size:25px\"><strong>Contacts<\/strong><\/p>\n\n\n\n<figure class=\"wp-block-pullquote has-text-align-left has-white-color has-vivid-purple-background-color has-text-color has-background\" style=\"border-radius:0px;border-style:dotted;font-size:15px\"><blockquote><p>Douala Maritime Museum<\/p><p>Rue de l\u2019H\u00f4pital \u2013 Douala, Cameroun<\/p><p>Fixed (+237) 233 42 21 66 <\/p><p>Mobile: +237 674 397 244\/677 639 698\/ 695 986 097<\/p><\/blockquote><\/figure>","protected":false},"excerpt":{"rendered":"<p>Localisation et contacts Rue de l\u2019h\u00f4pital- Douala, Cameroun Face Division Informatique des Douanes T\u00e9l\u00e9phone fixe\u00a0: +237\u00a0233 42 21 66 Jours et horaires d\u2019ouverture Du mardi &hellip; <\/p>","protected":false},"author":1,"featured_media":0,"parent":0,"menu_order":0,"comment_status":"closed","ping_status":"closed","template":"","meta":{"_monsterinsights_skip_tracking":false,"_monsterinsights_sitenote_active":false,"_monsterinsights_sitenote_note":"","_monsterinsights_sitenote_category":0,"footnotes":""},"class_list":["post-59","page","type-page","status-publish","hentry"],"_links":{"self":[{"href":"https:\/\/museemaritime.cm\/en\/wp-json\/wp\/v2\/pages\/59","targetHints":{"allow":["GET"]}}],"collection":[{"href":"https:\/\/museemaritime.cm\/en\/wp-json\/wp\/v2\/pages"}],"about":[{"href":"https:\/\/museemaritime.cm\/en\/wp-json\/wp\/v2\/types\/page"}],"author":[{"embeddable":true,"href":"https:\/\/museemaritime.cm\/en\/wp-json\/wp\/v2\/users\/1"}],"replies":[{"embeddable":true,"href":"https:\/\/museemaritime.cm\/en\/wp-json\/wp\/v2\/comments?post=59"}],"version-history":[{"count":7,"href":"https:\/\/museemaritime.cm\/en\/wp-json\/wp\/v2\/pages\/59\/revisions"}],"predecessor-version":[{"id":197,"href":"https:\/\/museemaritime.cm\/en\/wp-json\/wp\/v2\/pages\/59\/revisions\/197"}],"wp:attachment":[{"href":"https:\/\/museemaritime.cm\/en\/wp-json\/wp\/v2\/media?parent=59"}],"curies":[{"name":"wp","href":"https:\/\/api.w.org\/{rel}","templated":true}]}}